{"id":32291,"date":"2025-07-03T14:28:40","date_gmt":"2025-07-03T14:28:40","guid":{"rendered":"https:\/\/www.fundaculta.com\/?page_id=32291"},"modified":"2025-07-27T23:19:54","modified_gmt":"2025-07-27T23:19:54","slug":"eventos","status":"publish","type":"page","link":"https:\/\/www.fundaculta.com\/en\/eventos\/","title":{"rendered":"eventos"},"content":{"rendered":"\t\t<div data-elementor-type=\"wp-page\" data-elementor-id=\"32291\" class=\"elementor elementor-32291\">\n\t\t\t\t<div class=\"elementor-element elementor-element-b10a785 e-flex e-con-boxed e-con e-parent\" data-id=\"b10a785\" data-element_type=\"container\" data-e-type=\"container\">\n\t\t\t\t\t<div class=\"e-con-inner\">\n\t\t<div class=\"elementor-element elementor-element-7e6c45a e-con-full e-flex e-con e-child\" data-id=\"7e6c45a\" data-element_type=\"container\" data-e-type=\"container\" data-settings=\"{&quot;background_background&quot;:&quot;slideshow&quot;,&quot;background_slideshow_gallery&quot;:[{&quot;id&quot;:32768,&quot;url&quot;:&quot;https:\\\/\\\/www.fundaculta.com\\\/wp-content\\\/uploads\\\/2025\\\/07\\\/regional-de-turismo.jpeg&quot;}],&quot;background_slideshow_loop&quot;:&quot;yes&quot;,&quot;background_slideshow_slide_duration&quot;:5000,&quot;background_slideshow_slide_transition&quot;:&quot;fade&quot;,&quot;background_slideshow_transition_duration&quot;:500}\">\n\t\t\t\t<\/div>\n\t\t<div class=\"elementor-element elementor-element-5a1b599 e-con-full e-flex e-con e-child\" data-id=\"5a1b599\" data-element_type=\"container\" data-e-type=\"container\">\n\t\t\t\t<\/div>\n\t\t\t\t\t<\/div>\n\t\t\t\t<\/div>\n\t\t<div class=\"elementor-element elementor-element-176fd75 e-grid e-con-boxed e-con e-parent\" data-id=\"176fd75\" data-element_type=\"container\" data-e-type=\"container\">\n\t\t\t\t\t<div class=\"e-con-inner\">\n\t\t\t\t<div class=\"elementor-element elementor-element-d7ddb93 elementor-widget elementor-widget-heading\" data-id=\"d7ddb93\" data-element_type=\"widget\" data-e-type=\"widget\" data-widget_type=\"heading.default\">\n\t\t\t\t<div class=\"elementor-widget-container\">\n\t\t\t\t\t<div class=\"elementor-heading-title elementor-size-default\">\n<h4>Nuestro evento <\/h4><br>\nEl Tercer Foro de Turismo Sostenible en la Regi\u00f3n <b>Topocoro <\/b>es un espacio de encuentro e integraci\u00f3n entre, Gobernaci\u00f3n de Santander, Camara de Comercio de Bucaramanga, alcald\u00edas municipales del \u00e1rea de la Regi\u00f3n <b>topocoro <\/b>(Betulia, Gir\u00f3n, San Vicente de Chucur\u00ed, Zapatoca, Lebrija y Los Santos), empresarios, emprendedores, instituciones y comunidades del territorio, orientado a fortalecer el desarrollo tur\u00edstico de forma responsable y sostenible.<br> \nEste evento busca promover el turismo responsable, fomentar la innovaci\u00f3n y asegurar la sostenibilidad a largo plazo, con el fin de asegurar que la industria tur\u00edstica pueda continuar prosperando en el futuro, al mismo tiempo que se protege el medio ambiente y las comunidades locales. <br>\nSe fomentar\u00e1 el intercambio de experiencias con la muestra empresarial y de emprendimientos tur\u00edsticos de la Regi\u00f3n <b>Topocoro<\/b>, integrando su cultura, arte y gastronom\u00eda. <br><br>Adem\u00e1s, se lanzar\u00e1 la primera carrera deportiva sostenible de Colombia, en modalidad de cicloturismo de monta\u00f1a, con la participaci\u00f3n de comunidades, entidades p\u00fablicas y empresarios para promover la regi\u00f3n como destino de turismo.\n<\/div>\t\t\t\t<\/div>\n\t\t\t\t<\/div>\n\t\t<div class=\"elementor-element elementor-element-fe91438 e-grid e-con-boxed e-con e-child\" data-id=\"fe91438\" data-element_type=\"container\" data-e-type=\"container\" data-settings=\"{&quot;background_background&quot;:&quot;classic&quot;}\">\n\t\t\t\t\t<div class=\"e-con-inner\">\n\t\t\t\t<div class=\"elementor-element elementor-element-78ab508 elementor-widget elementor-widget-image\" data-id=\"78ab508\" data-element_type=\"widget\" data-e-type=\"widget\" data-widget_type=\"image.default\">\n\t\t\t\t<div class=\"elementor-widget-container\">\n\t\t\t\t\t\t\t\t\t\t\t\t\t\t\t<img fetchpriority=\"high\" decoding=\"async\" width=\"1600\" height=\"1066\" src=\"https:\/\/www.fundaculta.com\/wp-content\/uploads\/2025\/07\/7.jpeg\" class=\"attachment-full size-full wp-image-32356\" alt=\"\" srcset=\"https:\/\/www.fundaculta.com\/wp-content\/uploads\/2025\/07\/7.jpeg 1600w, https:\/\/www.fundaculta.com\/wp-content\/uploads\/2025\/07\/7-300x200.jpeg 300w, https:\/\/www.fundaculta.com\/wp-content\/uploads\/2025\/07\/7-1024x682.jpeg 1024w, https:\/\/www.fundaculta.com\/wp-content\/uploads\/2025\/07\/7-768x512.jpeg 768w, https:\/\/www.fundaculta.com\/wp-content\/uploads\/2025\/07\/7-1536x1023.jpeg 1536w, https:\/\/www.fundaculta.com\/wp-content\/uploads\/2025\/07\/7-18x12.jpeg 18w, https:\/\/www.fundaculta.com\/wp-content\/uploads\/2025\/07\/7-1568x1045.jpeg 1568w\" sizes=\"(max-width: 1600px) 100vw, 1600px\" style=\"width:100%;height:66.63%;max-width:1600px\" \/>\t\t\t\t\t\t\t\t\t\t\t\t\t\t\t<\/div>\n\t\t\t\t<\/div>\n\t\t\t\t<div class=\"elementor-element elementor-element-13501e2 elementor-widget elementor-widget-image\" data-id=\"13501e2\" data-element_type=\"widget\" data-e-type=\"widget\" data-widget_type=\"image.default\">\n\t\t\t\t<div class=\"elementor-widget-container\">\n\t\t\t\t\t\t\t\t\t\t\t\t\t\t\t<img decoding=\"async\" width=\"300\" height=\"200\" src=\"https:\/\/www.fundaculta.com\/wp-content\/uploads\/2025\/07\/6-300x200.jpeg\" class=\"attachment-medium size-medium wp-image-32358\" alt=\"\" srcset=\"https:\/\/www.fundaculta.com\/wp-content\/uploads\/2025\/07\/6-300x200.jpeg 300w, https:\/\/www.fundaculta.com\/wp-content\/uploads\/2025\/07\/6-1024x682.jpeg 1024w, https:\/\/www.fundaculta.com\/wp-content\/uploads\/2025\/07\/6-768x512.jpeg 768w, https:\/\/www.fundaculta.com\/wp-content\/uploads\/2025\/07\/6-1536x1023.jpeg 1536w, https:\/\/www.fundaculta.com\/wp-content\/uploads\/2025\/07\/6-18x12.jpeg 18w, https:\/\/www.fundaculta.com\/wp-content\/uploads\/2025\/07\/6-1568x1045.jpeg 1568w, https:\/\/www.fundaculta.com\/wp-content\/uploads\/2025\/07\/6.jpeg 1600w\" sizes=\"(max-width: 300px) 100vw, 300px\" style=\"width:100%;height:66.63%;max-width:1600px\" \/>\t\t\t\t\t\t\t\t\t\t\t\t\t\t\t<\/div>\n\t\t\t\t<\/div>\n\t\t\t\t<div class=\"elementor-element elementor-element-3dd014a elementor-widget elementor-widget-image\" data-id=\"3dd014a\" data-element_type=\"widget\" data-e-type=\"widget\" data-widget_type=\"image.default\">\n\t\t\t\t<div class=\"elementor-widget-container\">\n\t\t\t\t\t\t\t\t\t\t\t\t\t\t\t<img decoding=\"async\" width=\"1600\" height=\"1066\" src=\"https:\/\/www.fundaculta.com\/wp-content\/uploads\/2025\/07\/5.jpeg\" class=\"attachment-full size-full wp-image-32357\" alt=\"\" srcset=\"https:\/\/www.fundaculta.com\/wp-content\/uploads\/2025\/07\/5.jpeg 1600w, https:\/\/www.fundaculta.com\/wp-content\/uploads\/2025\/07\/5-300x200.jpeg 300w, https:\/\/www.fundaculta.com\/wp-content\/uploads\/2025\/07\/5-1024x682.jpeg 1024w, https:\/\/www.fundaculta.com\/wp-content\/uploads\/2025\/07\/5-768x512.jpeg 768w, https:\/\/www.fundaculta.com\/wp-content\/uploads\/2025\/07\/5-1536x1023.jpeg 1536w, https:\/\/www.fundaculta.com\/wp-content\/uploads\/2025\/07\/5-18x12.jpeg 18w, https:\/\/www.fundaculta.com\/wp-content\/uploads\/2025\/07\/5-1568x1045.jpeg 1568w\" sizes=\"(max-width: 1600px) 100vw, 1600px\" style=\"width:100%;height:66.63%;max-width:1600px\" \/>\t\t\t\t\t\t\t\t\t\t\t\t\t\t\t<\/div>\n\t\t\t\t<\/div>\n\t\t\t\t<div class=\"elementor-element elementor-element-4a14ad8 elementor-widget elementor-widget-image\" data-id=\"4a14ad8\" data-element_type=\"widget\" data-e-type=\"widget\" data-widget_type=\"image.default\">\n\t\t\t\t<div class=\"elementor-widget-container\">\n\t\t\t\t\t\t\t\t\t\t\t\t\t\t\t<img fetchpriority=\"high\" decoding=\"async\" width=\"1600\" height=\"1066\" src=\"https:\/\/www.fundaculta.com\/wp-content\/uploads\/2025\/07\/7.jpeg\" class=\"attachment-full size-full wp-image-32356\" alt=\"\" srcset=\"https:\/\/www.fundaculta.com\/wp-content\/uploads\/2025\/07\/7.jpeg 1600w, https:\/\/www.fundaculta.com\/wp-content\/uploads\/2025\/07\/7-300x200.jpeg 300w, https:\/\/www.fundaculta.com\/wp-content\/uploads\/2025\/07\/7-1024x682.jpeg 1024w, https:\/\/www.fundaculta.com\/wp-content\/uploads\/2025\/07\/7-768x512.jpeg 768w, https:\/\/www.fundaculta.com\/wp-content\/uploads\/2025\/07\/7-1536x1023.jpeg 1536w, https:\/\/www.fundaculta.com\/wp-content\/uploads\/2025\/07\/7-18x12.jpeg 18w, https:\/\/www.fundaculta.com\/wp-content\/uploads\/2025\/07\/7-1568x1045.jpeg 1568w\" sizes=\"(max-width: 1600px) 100vw, 1600px\" style=\"width:100%;height:66.63%;max-width:1600px\" \/>\t\t\t\t\t\t\t\t\t\t\t\t\t\t\t<\/div>\n\t\t\t\t<\/div>\n\t\t\t\t\t<\/div>\n\t\t\t\t<\/div>\n\t\t\t\t\t<\/div>\n\t\t\t\t<\/div>\n\t\t<div class=\"elementor-element elementor-element-c7328b3 e-flex e-con-boxed e-con e-parent\" data-id=\"c7328b3\" data-element_type=\"container\" data-e-type=\"container\">\n\t\t\t\t\t<div class=\"e-con-inner\">\n\t\t\t\t<div class=\"elementor-element elementor-element-61b43a3 elementor-arrows-position-inside elementor-pagination-position-outside elementor-widget elementor-widget-image-carousel\" data-id=\"61b43a3\" data-element_type=\"widget\" data-e-type=\"widget\" data-settings=\"{&quot;slides_to_show&quot;:&quot;3&quot;,&quot;navigation&quot;:&quot;both&quot;,&quot;autoplay&quot;:&quot;yes&quot;,&quot;pause_on_hover&quot;:&quot;yes&quot;,&quot;pause_on_interaction&quot;:&quot;yes&quot;,&quot;autoplay_speed&quot;:5000,&quot;infinite&quot;:&quot;yes&quot;,&quot;speed&quot;:500}\" data-widget_type=\"image-carousel.default\">\n\t\t\t\t<div class=\"elementor-widget-container\">\n\t\t\t\t\t\t\t<div class=\"elementor-image-carousel-wrapper swiper\" role=\"region\" aria-roledescription=\"carousel\" aria-label=\"Carrusel de im\u00e1genes\" dir=\"ltr\">\n\t\t\t<div class=\"elementor-image-carousel swiper-wrapper\" aria-live=\"off\">\n\t\t\t\t\t\t\t\t<div class=\"swiper-slide\" role=\"group\" aria-roledescription=\"slide\" aria-label=\"1 of 4\"><figure class=\"swiper-slide-inner\"><img decoding=\"async\" class=\"swiper-slide-image\" src=\"https:\/\/www.fundaculta.com\/wp-content\/uploads\/2025\/07\/1-768x512.jpeg\" alt=\"1\" \/><\/figure><\/div><div class=\"swiper-slide\" role=\"group\" aria-roledescription=\"slide\" aria-label=\"2 of 4\"><figure class=\"swiper-slide-inner\"><img decoding=\"async\" class=\"swiper-slide-image\" src=\"https:\/\/www.fundaculta.com\/wp-content\/uploads\/2025\/07\/2-1-768x512.jpeg\" alt=\"2\" \/><\/figure><\/div><div class=\"swiper-slide\" role=\"group\" aria-roledescription=\"slide\" aria-label=\"3 of 4\"><figure class=\"swiper-slide-inner\"><img decoding=\"async\" class=\"swiper-slide-image\" src=\"https:\/\/www.fundaculta.com\/wp-content\/uploads\/2025\/07\/3-768x512.jpeg\" alt=\"3\" \/><\/figure><\/div><div class=\"swiper-slide\" role=\"group\" aria-roledescription=\"slide\" aria-label=\"4 of 4\"><figure class=\"swiper-slide-inner\"><img decoding=\"async\" class=\"swiper-slide-image\" src=\"https:\/\/www.fundaculta.com\/wp-content\/uploads\/2025\/07\/4-768x512.jpeg\" alt=\"4\" \/><\/figure><\/div>\t\t\t<\/div>\n\t\t\t\t\t\t\t\t\t\t\t\t<div class=\"elementor-swiper-button elementor-swiper-button-prev\" role=\"button\" tabindex=\"0\">\n\t\t\t\t\t\t<svg aria-hidden=\"true\" class=\"e-font-icon-svg e-eicon-chevron-left\" viewBox=\"0 0 1000 1000\" xmlns=\"http:\/\/www.w3.org\/2000\/svg\"><path d=\"M646 125C629 125 613 133 604 142L308 442C296 454 292 471 292 487 292 504 296 521 308 533L604 854C617 867 629 875 646 875 663 875 679 871 692 858 704 846 713 829 713 812 713 796 708 779 692 767L438 487 692 225C700 217 708 204 708 187 708 171 704 154 692 142 675 129 663 125 646 125Z\"><\/path><\/svg>\t\t\t\t\t<\/div>\n\t\t\t\t\t<div class=\"elementor-swiper-button elementor-swiper-button-next\" role=\"button\" tabindex=\"0\">\n\t\t\t\t\t\t<svg aria-hidden=\"true\" class=\"e-font-icon-svg e-eicon-chevron-right\" viewBox=\"0 0 1000 1000\" xmlns=\"http:\/\/www.w3.org\/2000\/svg\"><path d=\"M696 533C708 521 713 504 713 487 713 471 708 454 696 446L400 146C388 133 375 125 354 125 338 125 325 129 313 142 300 154 292 171 292 187 292 204 296 221 308 233L563 492 304 771C292 783 288 800 288 817 288 833 296 850 308 863 321 871 338 875 354 875 371 875 388 867 400 854L696 533Z\"><\/path><\/svg>\t\t\t\t\t<\/div>\n\t\t\t\t\n\t\t\t\t\t\t\t\t\t<div class=\"swiper-pagination\"><\/div>\n\t\t\t\t\t\t\t\t\t<\/div>\n\t\t\t\t\t\t<\/div>\n\t\t\t\t<\/div>\n\t\t\t\t\t<\/div>\n\t\t\t\t<\/div>\n\t\t\t\t<\/div>\n\t\t","protected":false},"excerpt":{"rendered":"<p>Nuestro evento El Tercer Foro de Turismo Sostenible en la Regi\u00f3n Topocoro es un espacio de encuentro e integraci\u00f3n entre, Gobernaci\u00f3n de Santander, Camara de Comercio de Bucaramanga, alcald\u00edas municipales del \u00e1rea de la Regi\u00f3n topocoro (Betulia, Gir\u00f3n, San Vicente de Chucur\u00ed, Zapatoca, Lebrija y Los Santos), empresarios, emprendedores, instituciones y comunidades del territorio, orientado&hellip; <a class=\"more-link\" href=\"https:\/\/www.fundaculta.com\/en\/eventos\/\">Continue reading <span class=\"screen-reader-text\">eventos<\/span><\/a><\/p>","protected":false},"author":7,"featured_media":0,"parent":0,"menu_order":0,"comment_status":"closed","ping_status":"closed","template":"elementor_header_footer","meta":{"postBodyCss":"","postBodyMargin":[],"postBodyPadding":[],"postBodyBackground":{"backgroundType":"classic","gradient":""},"footnotes":""},"class_list":["post-32291","page","type-page","status-publish","hentry","entry"],"_links":{"self":[{"href":"https:\/\/www.fundaculta.com\/en\/wp-json\/wp\/v2\/pages\/32291","targetHints":{"allow":["GET"]}}],"collection":[{"href":"https:\/\/www.fundaculta.com\/en\/wp-json\/wp\/v2\/pages"}],"about":[{"href":"https:\/\/www.fundaculta.com\/en\/wp-json\/wp\/v2\/types\/page"}],"author":[{"embeddable":true,"href":"https:\/\/www.fundaculta.com\/en\/wp-json\/wp\/v2\/users\/7"}],"replies":[{"embeddable":true,"href":"https:\/\/www.fundaculta.com\/en\/wp-json\/wp\/v2\/comments?post=32291"}],"version-history":[{"count":70,"href":"https:\/\/www.fundaculta.com\/en\/wp-json\/wp\/v2\/pages\/32291\/revisions"}],"predecessor-version":[{"id":32794,"href":"https:\/\/www.fundaculta.com\/en\/wp-json\/wp\/v2\/pages\/32291\/revisions\/32794"}],"wp:attachment":[{"href":"https:\/\/www.fundaculta.com\/en\/wp-json\/wp\/v2\/media?parent=32291"}],"curies":[{"name":"wp","href":"https:\/\/api.w.org\/{rel}","templated":true}]}}