{"id":32331,"date":"2025-07-04T02:24:23","date_gmt":"2025-07-04T02:24:23","guid":{"rendered":"https:\/\/www.fundaculta.com\/?page_id=32331"},"modified":"2025-07-16T04:45:55","modified_gmt":"2025-07-16T04:45:55","slug":"portafolio-de-patrocinios","status":"publish","type":"page","link":"https:\/\/www.fundaculta.com\/en\/portafolio-de-patrocinios\/","title":{"rendered":"Oferta Tur\u00edstica"},"content":{"rendered":"\t\t<div data-elementor-type=\"wp-page\" data-elementor-id=\"32331\" class=\"elementor elementor-32331\">\n\t\t\t\t<div class=\"elementor-element elementor-element-699137d e-flex e-con-boxed e-con e-parent\" data-id=\"699137d\" data-element_type=\"container\" data-e-type=\"container\" data-settings=\"{&quot;background_background&quot;:&quot;slideshow&quot;,&quot;background_slideshow_gallery&quot;:[{&quot;id&quot;:18,&quot;url&quot;:&quot;https:\\\/\\\/www.fundaculta.com\\\/wp-content\\\/uploads\\\/2024\\\/03\\\/bg__1.png&quot;}],&quot;background_slideshow_slide_duration&quot;:5000,&quot;background_slideshow_slide_transition&quot;:&quot;fade&quot;,&quot;background_slideshow_transition_duration&quot;:500}\">\n\t\t\t\t\t<div class=\"e-con-inner\">\n\t\t\t\t<div class=\"elementor-element elementor-element-6c136bb elementor-widget elementor-widget-heading\" data-id=\"6c136bb\" data-element_type=\"widget\" data-e-type=\"widget\" data-widget_type=\"heading.default\">\n\t\t\t\t<div class=\"elementor-widget-container\">\n\t\t\t\t\t<div class=\"elementor-heading-title elementor-size-default\">\u00danete a nosotros y destaca tu marca. <br>Conoce nuestras opciones de patrocinio y s\u00e9 parte del evento del a\u00f1o.<\/div>\t\t\t\t<\/div>\n\t\t\t\t<\/div>\n\t\t<div class=\"elementor-element elementor-element-0fd6619 e-con-full e-flex e-con e-child\" data-id=\"0fd6619\" data-element_type=\"container\" data-e-type=\"container\">\n\t\t<div class=\"elementor-element elementor-element-ec27d11 e-con-full e-grid e-con e-child\" data-id=\"ec27d11\" data-element_type=\"container\" data-e-type=\"container\">\n\t\t\t\t<div class=\"elementor-element elementor-element-7fd6133 elementor-absolute elementor-widget elementor-widget-heading\" data-id=\"7fd6133\" data-element_type=\"widget\" data-e-type=\"widget\" data-settings=\"{&quot;_position&quot;:&quot;absolute&quot;}\" data-widget_type=\"heading.default\">\n\t\t\t\t<div class=\"elementor-widget-container\">\n\t\t\t\t\t<div class=\"elementor-heading-title elementor-size-default\"><a href=\"https:\/\/web.whatsapp.com\/\">M\u00c1S INFORMACI\u00d3N <\/a><\/div>\t\t\t\t<\/div>\n\t\t\t\t<\/div>\n\t\t\t\t<div class=\"elementor-element elementor-element-00a6812 elementor-absolute elementor-view-default elementor-widget elementor-widget-icon\" data-id=\"00a6812\" data-element_type=\"widget\" data-e-type=\"widget\" data-settings=\"{&quot;_position&quot;:&quot;absolute&quot;}\" data-widget_type=\"icon.default\">\n\t\t\t\t<div class=\"elementor-widget-container\">\n\t\t\t\t\t\t\t<div class=\"elementor-icon-wrapper\">\n\t\t\t<a class=\"elementor-icon\" href=\"https:\/\/web.whatsapp.com\/\">\n\t\t\t<svg aria-hidden=\"true\" class=\"e-font-icon-svg e-fab-whatsapp\" viewBox=\"0 0 448 512\" xmlns=\"http:\/\/www.w3.org\/2000\/svg\"><path d=\"M380.9 97.1C339 55.1 283.2 32 223.9 32c-122.4 0-222 99.6-222 222 0 39.1 10.2 77.3 29.6 111L0 480l117.7-30.9c32.4 17.7 68.9 27 106.1 27h.1c122.3 0 224.1-99.6 224.1-222 0-59.3-25.2-115-67.1-157zm-157 341.6c-33.2 0-65.7-8.9-94-25.7l-6.7-4-69.8 18.3L72 359.2l-4.4-7c-18.5-29.4-28.2-63.3-28.2-98.2 0-101.7 82.8-184.5 184.6-184.5 49.3 0 95.6 19.2 130.4 54.1 34.8 34.9 56.2 81.2 56.1 130.5 0 101.8-84.9 184.6-186.6 184.6zm101.2-138.2c-5.5-2.8-32.8-16.2-37.9-18-5.1-1.9-8.8-2.8-12.5 2.8-3.7 5.6-14.3 18-17.6 21.8-3.2 3.7-6.5 4.2-12 1.4-32.6-16.3-54-29.1-75.5-66-5.7-9.8 5.7-9.1 16.3-30.3 1.8-3.7.9-6.9-.5-9.7-1.4-2.8-12.5-30.1-17.1-41.2-4.5-10.8-9.1-9.3-12.5-9.5-3.2-.2-6.9-.2-10.6-.2-3.7 0-9.7 1.4-14.8 6.9-5.1 5.6-19.4 19-19.4 46.3 0 27.3 19.9 53.7 22.6 57.4 2.8 3.7 39.1 59.7 94.8 83.8 35.2 15.2 49 16.5 66.6 13.9 10.7-1.6 32.8-13.4 37.4-26.4 4.6-13 4.6-24.1 3.2-26.4-1.3-2.5-5-3.9-10.5-6.6z\"><\/path><\/svg>\t\t\t<\/a>\n\t\t<\/div>\n\t\t\t\t\t\t<\/div>\n\t\t\t\t<\/div>\n\t\t\t\t<\/div>\n\t\t\t\t<\/div>\n\t\t\t\t\t<\/div>\n\t\t\t\t<\/div>\n\t\t<div class=\"elementor-element elementor-element-a1f0800 e-flex e-con-boxed e-con e-parent\" data-id=\"a1f0800\" data-element_type=\"container\" data-e-type=\"container\">\n\t\t\t\t\t<div class=\"e-con-inner\">\n\t\t\t\t<div class=\"elementor-element elementor-element-8624efe elementor-widget elementor-widget-image\" data-id=\"8624efe\" data-element_type=\"widget\" data-e-type=\"widget\" data-widget_type=\"image.default\">\n\t\t\t\t<div class=\"elementor-widget-container\">\n\t\t\t\t\t\t\t\t\t\t\t\t\t\t\t<img fetchpriority=\"high\" decoding=\"async\" width=\"1212\" height=\"688\" src=\"https:\/\/www.fundaculta.com\/wp-content\/uploads\/2025\/07\/foro-de-regional-de-turismo-1.png\" class=\"attachment-full size-full wp-image-32295\" alt=\"\" srcset=\"https:\/\/www.fundaculta.com\/wp-content\/uploads\/2025\/07\/foro-de-regional-de-turismo-1.png 1212w, https:\/\/www.fundaculta.com\/wp-content\/uploads\/2025\/07\/foro-de-regional-de-turismo-1-300x170.png 300w, https:\/\/www.fundaculta.com\/wp-content\/uploads\/2025\/07\/foro-de-regional-de-turismo-1-1024x581.png 1024w, https:\/\/www.fundaculta.com\/wp-content\/uploads\/2025\/07\/foro-de-regional-de-turismo-1-768x436.png 768w, https:\/\/www.fundaculta.com\/wp-content\/uploads\/2025\/07\/foro-de-regional-de-turismo-1-18x10.png 18w\" sizes=\"(max-width: 1212px) 100vw, 1212px\" style=\"width:100%;height:56.77%;max-width:1212px\" \/>\t\t\t\t\t\t\t\t\t\t\t\t\t\t\t<\/div>\n\t\t\t\t<\/div>\n\t\t\t\t<div class=\"elementor-element elementor-element-bf7bb4e elementor-widget elementor-widget-image\" data-id=\"bf7bb4e\" data-element_type=\"widget\" data-e-type=\"widget\" data-widget_type=\"image.default\">\n\t\t\t\t<div class=\"elementor-widget-container\">\n\t\t\t\t\t\t\t\t\t\t\t\t\t\t\t<img decoding=\"async\" width=\"1203\" height=\"674\" src=\"https:\/\/www.fundaculta.com\/wp-content\/uploads\/2025\/07\/2.png\" class=\"attachment-full size-full wp-image-32296\" alt=\"\" srcset=\"https:\/\/www.fundaculta.com\/wp-content\/uploads\/2025\/07\/2.png 1203w, https:\/\/www.fundaculta.com\/wp-content\/uploads\/2025\/07\/2-300x168.png 300w, https:\/\/www.fundaculta.com\/wp-content\/uploads\/2025\/07\/2-1024x574.png 1024w, https:\/\/www.fundaculta.com\/wp-content\/uploads\/2025\/07\/2-768x430.png 768w, https:\/\/www.fundaculta.com\/wp-content\/uploads\/2025\/07\/2-18x10.png 18w\" sizes=\"(max-width: 1203px) 100vw, 1203px\" style=\"width:100%;height:56.03%;max-width:1203px\" \/>\t\t\t\t\t\t\t\t\t\t\t\t\t\t\t<\/div>\n\t\t\t\t<\/div>\n\t\t\t\t<div class=\"elementor-element elementor-element-2252d7b elementor-widget elementor-widget-image\" data-id=\"2252d7b\" data-element_type=\"widget\" data-e-type=\"widget\" data-widget_type=\"image.default\">\n\t\t\t\t<div class=\"elementor-widget-container\">\n\t\t\t\t\t\t\t\t\t\t\t\t\t\t\t<img decoding=\"async\" width=\"1191\" height=\"671\" src=\"https:\/\/www.fundaculta.com\/wp-content\/uploads\/2025\/07\/3.png\" class=\"attachment-full size-full wp-image-32297\" alt=\"\" srcset=\"https:\/\/www.fundaculta.com\/wp-content\/uploads\/2025\/07\/3.png 1191w, https:\/\/www.fundaculta.com\/wp-content\/uploads\/2025\/07\/3-300x169.png 300w, https:\/\/www.fundaculta.com\/wp-content\/uploads\/2025\/07\/3-1024x577.png 1024w, https:\/\/www.fundaculta.com\/wp-content\/uploads\/2025\/07\/3-768x433.png 768w, https:\/\/www.fundaculta.com\/wp-content\/uploads\/2025\/07\/3-18x10.png 18w\" sizes=\"(max-width: 1191px) 100vw, 1191px\" style=\"width:100%;height:56.34%;max-width:1191px\" \/>\t\t\t\t\t\t\t\t\t\t\t\t\t\t\t<\/div>\n\t\t\t\t<\/div>\n\t\t\t\t<div class=\"elementor-element elementor-element-4350ab1 elementor-widget elementor-widget-image\" data-id=\"4350ab1\" data-element_type=\"widget\" data-e-type=\"widget\" data-widget_type=\"image.default\">\n\t\t\t\t<div class=\"elementor-widget-container\">\n\t\t\t\t\t\t\t\t\t\t\t\t\t\t\t<img loading=\"lazy\" decoding=\"async\" width=\"1190\" height=\"673\" src=\"https:\/\/www.fundaculta.com\/wp-content\/uploads\/2025\/07\/4.png\" class=\"attachment-full size-full wp-image-32298\" alt=\"\" srcset=\"https:\/\/www.fundaculta.com\/wp-content\/uploads\/2025\/07\/4.png 1190w, https:\/\/www.fundaculta.com\/wp-content\/uploads\/2025\/07\/4-300x170.png 300w, https:\/\/www.fundaculta.com\/wp-content\/uploads\/2025\/07\/4-1024x579.png 1024w, https:\/\/www.fundaculta.com\/wp-content\/uploads\/2025\/07\/4-768x434.png 768w, https:\/\/www.fundaculta.com\/wp-content\/uploads\/2025\/07\/4-18x10.png 18w\" sizes=\"(max-width: 1190px) 100vw, 1190px\" style=\"width:100%;height:56.55%;max-width:1190px\" \/>\t\t\t\t\t\t\t\t\t\t\t\t\t\t\t<\/div>\n\t\t\t\t<\/div>\n\t\t\t\t<div class=\"elementor-element elementor-element-44a12b5 elementor-widget elementor-widget-image\" data-id=\"44a12b5\" data-element_type=\"widget\" data-e-type=\"widget\" data-widget_type=\"image.default\">\n\t\t\t\t<div class=\"elementor-widget-container\">\n\t\t\t\t\t\t\t\t\t\t\t\t\t\t\t<img loading=\"lazy\" decoding=\"async\" width=\"1195\" height=\"670\" src=\"https:\/\/www.fundaculta.com\/wp-content\/uploads\/2025\/07\/5.png\" class=\"attachment-full size-full wp-image-32299\" alt=\"\" srcset=\"https:\/\/www.fundaculta.com\/wp-content\/uploads\/2025\/07\/5.png 1195w, https:\/\/www.fundaculta.com\/wp-content\/uploads\/2025\/07\/5-300x168.png 300w, https:\/\/www.fundaculta.com\/wp-content\/uploads\/2025\/07\/5-1024x574.png 1024w, https:\/\/www.fundaculta.com\/wp-content\/uploads\/2025\/07\/5-768x431.png 768w, https:\/\/www.fundaculta.com\/wp-content\/uploads\/2025\/07\/5-18x10.png 18w\" sizes=\"(max-width: 1195px) 100vw, 1195px\" style=\"width:100%;height:56.07%;max-width:1195px\" \/>\t\t\t\t\t\t\t\t\t\t\t\t\t\t\t<\/div>\n\t\t\t\t<\/div>\n\t\t\t\t<div class=\"elementor-element elementor-element-d148c35 elementor-widget elementor-widget-image\" data-id=\"d148c35\" data-element_type=\"widget\" data-e-type=\"widget\" data-widget_type=\"image.default\">\n\t\t\t\t<div class=\"elementor-widget-container\">\n\t\t\t\t\t\t\t\t\t\t\t\t\t\t\t<img loading=\"lazy\" decoding=\"async\" width=\"1199\" height=\"673\" src=\"https:\/\/www.fundaculta.com\/wp-content\/uploads\/2025\/07\/6.png\" class=\"attachment-full size-full wp-image-32300\" alt=\"\" srcset=\"https:\/\/www.fundaculta.com\/wp-content\/uploads\/2025\/07\/6.png 1199w, https:\/\/www.fundaculta.com\/wp-content\/uploads\/2025\/07\/6-300x168.png 300w, https:\/\/www.fundaculta.com\/wp-content\/uploads\/2025\/07\/6-1024x575.png 1024w, https:\/\/www.fundaculta.com\/wp-content\/uploads\/2025\/07\/6-768x431.png 768w, https:\/\/www.fundaculta.com\/wp-content\/uploads\/2025\/07\/6-18x10.png 18w\" sizes=\"(max-width: 1199px) 100vw, 1199px\" style=\"width:100%;height:56.13%;max-width:1199px\" \/>\t\t\t\t\t\t\t\t\t\t\t\t\t\t\t<\/div>\n\t\t\t\t<\/div>\n\t\t\t\t<div class=\"elementor-element elementor-element-5ee8205 elementor-widget elementor-widget-image\" data-id=\"5ee8205\" data-element_type=\"widget\" data-e-type=\"widget\" data-widget_type=\"image.default\">\n\t\t\t\t<div class=\"elementor-widget-container\">\n\t\t\t\t\t\t\t\t\t\t\t\t\t\t\t<img loading=\"lazy\" decoding=\"async\" width=\"1194\" height=\"666\" src=\"https:\/\/www.fundaculta.com\/wp-content\/uploads\/2025\/07\/7.png\" class=\"attachment-full size-full wp-image-32301\" alt=\"\" srcset=\"https:\/\/www.fundaculta.com\/wp-content\/uploads\/2025\/07\/7.png 1194w, https:\/\/www.fundaculta.com\/wp-content\/uploads\/2025\/07\/7-300x167.png 300w, https:\/\/www.fundaculta.com\/wp-content\/uploads\/2025\/07\/7-1024x571.png 1024w, https:\/\/www.fundaculta.com\/wp-content\/uploads\/2025\/07\/7-768x428.png 768w, https:\/\/www.fundaculta.com\/wp-content\/uploads\/2025\/07\/7-18x10.png 18w\" sizes=\"(max-width: 1194px) 100vw, 1194px\" style=\"width:100%;height:55.78%;max-width:1194px\" \/>\t\t\t\t\t\t\t\t\t\t\t\t\t\t\t<\/div>\n\t\t\t\t<\/div>\n\t\t\t\t<div class=\"elementor-element elementor-element-517518e elementor-widget elementor-widget-image\" data-id=\"517518e\" data-element_type=\"widget\" data-e-type=\"widget\" data-widget_type=\"image.default\">\n\t\t\t\t<div class=\"elementor-widget-container\">\n\t\t\t\t\t\t\t\t\t\t\t\t\t\t\t<img loading=\"lazy\" decoding=\"async\" width=\"1196\" height=\"675\" src=\"https:\/\/www.fundaculta.com\/wp-content\/uploads\/2025\/07\/8.png\" class=\"attachment-full size-full wp-image-32302\" alt=\"\" srcset=\"https:\/\/www.fundaculta.com\/wp-content\/uploads\/2025\/07\/8.png 1196w, https:\/\/www.fundaculta.com\/wp-content\/uploads\/2025\/07\/8-300x169.png 300w, https:\/\/www.fundaculta.com\/wp-content\/uploads\/2025\/07\/8-1024x578.png 1024w, https:\/\/www.fundaculta.com\/wp-content\/uploads\/2025\/07\/8-768x433.png 768w, https:\/\/www.fundaculta.com\/wp-content\/uploads\/2025\/07\/8-18x10.png 18w\" sizes=\"(max-width: 1196px) 100vw, 1196px\" style=\"width:100%;height:56.44%;max-width:1196px\" \/>\t\t\t\t\t\t\t\t\t\t\t\t\t\t\t<\/div>\n\t\t\t\t<\/div>\n\t\t\t\t<div class=\"elementor-element elementor-element-a5ad2df elementor-widget elementor-widget-image\" data-id=\"a5ad2df\" data-element_type=\"widget\" data-e-type=\"widget\" data-widget_type=\"image.default\">\n\t\t\t\t<div class=\"elementor-widget-container\">\n\t\t\t\t\t\t\t\t\t\t\t\t\t\t\t<img loading=\"lazy\" decoding=\"async\" width=\"1200\" height=\"670\" src=\"https:\/\/www.fundaculta.com\/wp-content\/uploads\/2025\/07\/9.png\" class=\"attachment-full size-full wp-image-32303\" alt=\"\" srcset=\"https:\/\/www.fundaculta.com\/wp-content\/uploads\/2025\/07\/9.png 1200w, https:\/\/www.fundaculta.com\/wp-content\/uploads\/2025\/07\/9-300x168.png 300w, https:\/\/www.fundaculta.com\/wp-content\/uploads\/2025\/07\/9-1024x572.png 1024w, https:\/\/www.fundaculta.com\/wp-content\/uploads\/2025\/07\/9-768x429.png 768w, https:\/\/www.fundaculta.com\/wp-content\/uploads\/2025\/07\/9-18x10.png 18w\" sizes=\"(max-width: 1200px) 100vw, 1200px\" style=\"width:100%;height:55.83%;max-width:1200px\" \/>\t\t\t\t\t\t\t\t\t\t\t\t\t\t\t<\/div>\n\t\t\t\t<\/div>\n\t\t\t\t\t<\/div>\n\t\t\t\t<\/div>\n\t\t\t\t<\/div>\n\t\t","protected":false},"excerpt":{"rendered":"<p>\u00danete a nosotros y destaca tu marca. Conoce nuestras opciones de patrocinio y s\u00e9 parte del evento del a\u00f1o. M\u00c1S INFORMACI\u00d3N<\/p>","protected":false},"author":7,"featured_media":0,"parent":0,"menu_order":0,"comment_status":"closed","ping_status":"closed","template":"elementor_header_footer","meta":{"postBodyCss":"","postBodyMargin":[],"postBodyPadding":[],"postBodyBackground":{"backgroundType":"classic","gradient":""},"footnotes":""},"class_list":["post-32331","page","type-page","status-publish","hentry","entry"],"_links":{"self":[{"href":"https:\/\/www.fundaculta.com\/en\/wp-json\/wp\/v2\/pages\/32331","targetHints":{"allow":["GET"]}}],"collection":[{"href":"https:\/\/www.fundaculta.com\/en\/wp-json\/wp\/v2\/pages"}],"about":[{"href":"https:\/\/www.fundaculta.com\/en\/wp-json\/wp\/v2\/types\/page"}],"author":[{"embeddable":true,"href":"https:\/\/www.fundaculta.com\/en\/wp-json\/wp\/v2\/users\/7"}],"replies":[{"embeddable":true,"href":"https:\/\/www.fundaculta.com\/en\/wp-json\/wp\/v2\/comments?post=32331"}],"version-history":[{"count":36,"href":"https:\/\/www.fundaculta.com\/en\/wp-json\/wp\/v2\/pages\/32331\/revisions"}],"predecessor-version":[{"id":32694,"href":"https:\/\/www.fundaculta.com\/en\/wp-json\/wp\/v2\/pages\/32331\/revisions\/32694"}],"wp:attachment":[{"href":"https:\/\/www.fundaculta.com\/en\/wp-json\/wp\/v2\/media?parent=32331"}],"curies":[{"name":"wp","href":"https:\/\/api.w.org\/{rel}","templated":true}]}}