{"id":32334,"date":"2025-07-04T02:25:57","date_gmt":"2025-07-04T02:25:57","guid":{"rendered":"https:\/\/www.fundaculta.com\/?page_id=32334"},"modified":"2025-08-09T06:07:53","modified_gmt":"2025-08-09T06:07:53","slug":"oferta-turistica","status":"publish","type":"page","link":"https:\/\/www.fundaculta.com\/en\/oferta-turistica\/","title":{"rendered":"Oferta Tur\u00edstica"},"content":{"rendered":"<div data-elementor-type=\"wp-page\" data-elementor-id=\"32334\" class=\"elementor elementor-32334\">\n\t\t\t\t<div class=\"elementor-element elementor-element-6f79da2 e-grid e-con-boxed e-con e-parent\" data-id=\"6f79da2\" data-element_type=\"container\" data-e-type=\"container\">\n\t\t\t\t\t<div class=\"e-con-inner\">\n\t\t\t\t<div class=\"elementor-element elementor-element-16aa603 ekit-equal-height-disable elementor-widget elementor-widget-elementskit-image-box\" data-id=\"16aa603\" data-element_type=\"widget\" data-e-type=\"widget\" data-widget_type=\"elementskit-image-box.default\">\n\t\t\t\t<div class=\"elementor-widget-container\">\n\t\t\t\t\t<div class=\"ekit-wid-con\" >\n            <div class=\"elementskit-info-image-box ekit-image-box text-center style-modern\" >\n\n                \n                <div class=\"elementskit-box-header image-box-img-center\">\n\n                    <img fetchpriority=\"high\" decoding=\"async\" width=\"1024\" height=\"460\" src=\"https:\/\/www.fundaculta.com\/wp-content\/uploads\/2025\/08\/La-Cueva-Del-Recuerdo-Chucureno.jpg\" class=\"attachment-1536x1536 size-1536x1536 wp-image-32848\" alt=\"\" srcset=\"https:\/\/www.fundaculta.com\/wp-content\/uploads\/2025\/08\/La-Cueva-Del-Recuerdo-Chucureno.jpg 1024w, https:\/\/www.fundaculta.com\/wp-content\/uploads\/2025\/08\/La-Cueva-Del-Recuerdo-Chucureno-300x135.jpg 300w, https:\/\/www.fundaculta.com\/wp-content\/uploads\/2025\/08\/La-Cueva-Del-Recuerdo-Chucureno-768x345.jpg 768w, https:\/\/www.fundaculta.com\/wp-content\/uploads\/2025\/08\/La-Cueva-Del-Recuerdo-Chucureno-18x8.jpg 18w\" sizes=\"(max-width: 1024px) 100vw, 1024px\" style=\"width:100%;height:44.92%;max-width:1024px\" \/>\n                <\/div>\n                \n                <div class=\"elementskit-box-body ekit-image-box-body\">\n                    <div class=\"elementskit-box-content ekit-image-box-body-inner\">\n                                                <h3 class=\"elementskit-info-box-title\">\n\n                        La Cueva Del Recuerdo Chucure\u00f1o\n                        \n                    <\/h3>\n                                                            <div class=\"elementskit-box-style-content\">\n                        encontrar\u00e1s miles de detalles y el m\u00e1s variado surtido de productos y artesan\u00edas fabricados por manos Chucure\u00f1as.                     <\/div>\n                                    <\/div>\n\n                                <div class=\"elementskit-box-footer\">\n                    <div class=\"box-footer\">\n                        <div class=\"btn-wraper\">\n                                                            <a href=\"https:\/\/www.fundaculta.com\/en\/San-Vicente-de-Chucuri\/\" class=\"elementskit-btn whitespace--normal\">\n                                    Ver mas \n                                    <i aria-hidden=\"true\" class=\"icon icon-planet-earth\"><\/i>\n                                <\/a>\n                                                        <\/div>\n                    <\/div>\n                <\/div>\n                            <\/div>\n            <\/div>\n    <\/div>\t\t\t\t<\/div>\n\t\t\t\t<\/div>\n\t\t\t\t<div class=\"elementor-element elementor-element-04b5735 ekit-equal-height-disable elementor-widget elementor-widget-elementskit-image-box\" data-id=\"04b5735\" data-element_type=\"widget\" data-e-type=\"widget\" data-widget_type=\"elementskit-image-box.default\">\n\t\t\t\t<div class=\"elementor-widget-container\">\n\t\t\t\t\t<div class=\"ekit-wid-con\" >\n            <div class=\"elementskit-info-image-box ekit-image-box text-center style-modern\" >\n\n                \n                <div class=\"elementskit-box-header image-box-img-center\">\n\n                    <img decoding=\"async\" width=\"510\" height=\"510\" src=\"https:\/\/www.fundaculta.com\/wp-content\/uploads\/2025\/08\/punto-de-encuentro.webp\" class=\"attachment-full size-full wp-image-32849\" alt=\"\" srcset=\"https:\/\/www.fundaculta.com\/wp-content\/uploads\/2025\/08\/punto-de-encuentro.webp 510w, https:\/\/www.fundaculta.com\/wp-content\/uploads\/2025\/08\/punto-de-encuentro-300x300.webp 300w, https:\/\/www.fundaculta.com\/wp-content\/uploads\/2025\/08\/punto-de-encuentro-150x150.webp 150w, https:\/\/www.fundaculta.com\/wp-content\/uploads\/2025\/08\/punto-de-encuentro-12x12.webp 12w\" sizes=\"(max-width: 510px) 100vw, 510px\" style=\"width:100%;height:100%;max-width:510px\" \/>\n                <\/div>\n                \n                <div class=\"elementskit-box-body ekit-image-box-body\">\n                    <div class=\"elementskit-box-content ekit-image-box-body-inner\">\n                                                <h3 class=\"elementskit-info-box-title\">\n\n                        Punto de encuentro\n                        \n                    <\/h3>\n                                                            <div class=\"elementskit-box-style-content\">\n                        Restaurante parrilla Bar                    <\/div>\n                                    <\/div>\n\n                                <div class=\"elementskit-box-footer\">\n                    <div class=\"box-footer\">\n                        <div class=\"btn-wraper\">\n                                                            <a href=\"https:\/\/www.fundaculta.com\/en\/san-vicente-de-chucuri-item2\/\" class=\"elementskit-btn whitespace--normal\">\n                                    Ver mas \n                                    <i aria-hidden=\"true\" class=\"icon icon-planet-earth\"><\/i>\n                                <\/a>\n                                                        <\/div>\n                    <\/div>\n                <\/div>\n                            <\/div>\n            <\/div>\n    <\/div>\t\t\t\t<\/div>\n\t\t\t\t<\/div>\n\t\t\t\t<div class=\"elementor-element elementor-element-9c83291 ekit-equal-height-disable elementor-widget elementor-widget-elementskit-image-box\" data-id=\"9c83291\" data-element_type=\"widget\" data-e-type=\"widget\" data-widget_type=\"elementskit-image-box.default\">\n\t\t\t\t<div class=\"elementor-widget-container\">\n\t\t\t\t\t<div class=\"ekit-wid-con\" >\n            <div class=\"elementskit-info-image-box ekit-image-box text-center style-modern\" >\n\n                \n                <div class=\"elementskit-box-header image-box-img-center\">\n\n                    <img decoding=\"async\" src=\"https:\/\/www.fundaculta.com\/wp-content\/uploads\/elementor\/thumbs\/El-Cacaotal-Sao-Moro-1-r9q1x1hqdl9clbhzyisk0n1gmzecm3e415xgdmcuk8.jpg\" title=\"El Cacaotal Sao Moro\" alt=\"El Cacaotal Sao Moro\" loading=\"lazy\" \/>\n                <\/div>\n                \n                <div class=\"elementskit-box-body ekit-image-box-body\">\n                    <div class=\"elementskit-box-content ekit-image-box-body-inner\">\n                                                <h3 class=\"elementskit-info-box-title\">\n\n                        El Cacaotal Sao Moro\n                        \n                    <\/h3>\n                                                            <div class=\"elementskit-box-style-content\">\n                        \u201cMuchos lo prueban por curiosidad y terminan encantados. Es un vino para celebrar, para compartir. Suave, distinto\u2026 memorable\u201d.                    <\/div>\n                                    <\/div>\n\n                                <div class=\"elementskit-box-footer\">\n                    <div class=\"box-footer\">\n                        <div class=\"btn-wraper\">\n                                                            <a href=\"https:\/\/www.fundaculta.com\/en\/san-vicente-de-chucuri-item3\/\" class=\"elementskit-btn whitespace--normal\">\n                                    Ver mas \n                                    <i aria-hidden=\"true\" class=\"icon icon-planet-earth\"><\/i>\n                                <\/a>\n                                                        <\/div>\n                    <\/div>\n                <\/div>\n                            <\/div>\n            <\/div>\n    <\/div>\t\t\t\t<\/div>\n\t\t\t\t<\/div>\n\t\t\t\t<div class=\"elementor-element elementor-element-4406057 ekit-equal-height-disable elementor-widget elementor-widget-elementskit-image-box\" data-id=\"4406057\" data-element_type=\"widget\" data-e-type=\"widget\" data-widget_type=\"elementskit-image-box.default\">\n\t\t\t\t<div class=\"elementor-widget-container\">\n\t\t\t\t\t<div class=\"ekit-wid-con\" >\n            <div class=\"elementskit-info-image-box ekit-image-box text-center style-modern\" >\n\n                \n                <div class=\"elementskit-box-header image-box-img-center\">\n\n                    <img decoding=\"async\" src=\"https:\/\/www.fundaculta.com\/wp-content\/uploads\/elementor\/thumbs\/Al-carbon-r9qyq1tlbtyzzg0np0pkum6y3icrvfwzqm7zlf9goo.jpeg\" title=\"Al carbon\" alt=\"Al carbon\" loading=\"lazy\" \/>\n                <\/div>\n                \n                <div class=\"elementskit-box-body ekit-image-box-body\">\n                    <div class=\"elementskit-box-content ekit-image-box-body-inner\">\n                                                <h3 class=\"elementskit-info-box-title\">\n\n                        JB 100% Al Carb\u00f3n\n                        \n                    <\/h3>\n                                                            <div class=\"elementskit-box-style-content\">\n                        \u00a1El destino gastron\u00f3mico ideal para disfrutar de una experiencia culinaria \u00fanica! Nos destacamos por ofrecer exquisitos almuerzos ejecutivos y deliciosa parrilla, con especialidades como chatas, sobrebarriga, todo preparado al carb\u00f3n y con un toque especial al barril.                    <\/div>\n                                    <\/div>\n\n                                <div class=\"elementskit-box-footer\">\n                    <div class=\"box-footer\">\n                        <div class=\"btn-wraper\">\n                                                            <a href=\"https:\/\/www.fundaculta.com\/en\/san-vicente-de-chucuri-item4\/\" class=\"elementskit-btn whitespace--normal\">\n                                    Ver mas \n                                    <i aria-hidden=\"true\" class=\"icon icon-planet-earth\"><\/i>\n                                <\/a>\n                                                        <\/div>\n                    <\/div>\n                <\/div>\n                            <\/div>\n            <\/div>\n    <\/div>\t\t\t\t<\/div>\n\t\t\t\t<\/div>\n\t\t\t\t<div class=\"elementor-element elementor-element-5a26ec8 ekit-equal-height-disable elementor-widget elementor-widget-elementskit-image-box\" data-id=\"5a26ec8\" data-element_type=\"widget\" data-e-type=\"widget\" data-widget_type=\"elementskit-image-box.default\">\n\t\t\t\t<div class=\"elementor-widget-container\">\n\t\t\t\t\t<div class=\"ekit-wid-con\" >\n            <div class=\"elementskit-info-image-box ekit-image-box text-center style-modern\" >\n\n                \n                <div class=\"elementskit-box-header image-box-img-center\">\n\n                    <img decoding=\"async\" src=\"https:\/\/www.fundaculta.com\/wp-content\/uploads\/elementor\/thumbs\/don-jacobo-r9qyr76hojjm6ackzil5wbr88goxa4h6kaxcplk52w.jpeg\" title=\"don jacobo\" alt=\"don jacobo\" loading=\"lazy\" \/>\n                <\/div>\n                \n                <div class=\"elementskit-box-body ekit-image-box-body\">\n                    <div class=\"elementskit-box-content ekit-image-box-body-inner\">\n                                                <h3 class=\"elementskit-info-box-title\">\n\n                        Don Joaco\n                        \n                    <\/h3>\n                                                            <div class=\"elementskit-box-style-content\">\n                        En Meriendas Don Joaco somos mucho m\u00e1s que una simple panader\u00eda. Aqu\u00ed encontrar\u00e1s una deliciosa combinaci\u00f3n de reposter\u00eda, restaurante y panader\u00eda artesanal en un solo lugar.                    <\/div>\n                                    <\/div>\n\n                                <div class=\"elementskit-box-footer\">\n                    <div class=\"box-footer\">\n                        <div class=\"btn-wraper\">\n                                                            <a href=\"https:\/\/www.fundaculta.com\/en\/san-vicente-de-chucuri-item5\/\" class=\"elementskit-btn whitespace--normal\">\n                                    Ver mas \n                                    <i aria-hidden=\"true\" class=\"icon icon-planet-earth\"><\/i>\n                                <\/a>\n                                                        <\/div>\n                    <\/div>\n                <\/div>\n                            <\/div>\n            <\/div>\n    <\/div>\t\t\t\t<\/div>\n\t\t\t\t<\/div>\n\t\t\t\t\t<\/div>\n\t\t\t\t<\/div>\n\t\t\t\t<\/div>","protected":false},"excerpt":{"rendered":"<p>La Cueva Del Recuerdo Chucure\u00f1o encontrar\u00e1s miles de detalles y el m\u00e1s variado surtido de productos y artesan\u00edas fabricados por manos Chucure\u00f1as. Ver mas Punto de encuentro Restaurante parrilla Bar Ver mas El Cacaotal Sao Moro \u201cMuchos lo prueban por curiosidad y terminan encantados. Es un vino para celebrar, para compartir. Suave, distinto\u2026 memorable\u201d. Ver&hellip; <a class=\"more-link\" href=\"https:\/\/www.fundaculta.com\/en\/oferta-turistica\/\">Continue reading <span class=\"screen-reader-text\">Oferta Tur\u00edstica<\/span><\/a><\/p>","protected":false},"author":7,"featured_media":0,"parent":0,"menu_order":0,"comment_status":"closed","ping_status":"closed","template":"elementor_header_footer","meta":{"postBodyCss":"","postBodyMargin":[],"postBodyPadding":[],"postBodyBackground":{"backgroundType":"classic","gradient":""},"footnotes":""},"class_list":["post-32334","page","type-page","status-publish","hentry","entry"],"_links":{"self":[{"href":"https:\/\/www.fundaculta.com\/en\/wp-json\/wp\/v2\/pages\/32334","targetHints":{"allow":["GET"]}}],"collection":[{"href":"https:\/\/www.fundaculta.com\/en\/wp-json\/wp\/v2\/pages"}],"about":[{"href":"https:\/\/www.fundaculta.com\/en\/wp-json\/wp\/v2\/types\/page"}],"author":[{"embeddable":true,"href":"https:\/\/www.fundaculta.com\/en\/wp-json\/wp\/v2\/users\/7"}],"replies":[{"embeddable":true,"href":"https:\/\/www.fundaculta.com\/en\/wp-json\/wp\/v2\/comments?post=32334"}],"version-history":[{"count":86,"href":"https:\/\/www.fundaculta.com\/en\/wp-json\/wp\/v2\/pages\/32334\/revisions"}],"predecessor-version":[{"id":33020,"href":"https:\/\/www.fundaculta.com\/en\/wp-json\/wp\/v2\/pages\/32334\/revisions\/33020"}],"wp:attachment":[{"href":"https:\/\/www.fundaculta.com\/en\/wp-json\/wp\/v2\/media?parent=32334"}],"curies":[{"name":"wp","href":"https:\/\/api.w.org\/{rel}","templated":true}]}}