{"id":32630,"date":"2025-07-10T00:53:10","date_gmt":"2025-07-10T00:53:10","guid":{"rendered":"https:\/\/www.fundaculta.com\/?page_id=32630"},"modified":"2025-07-10T01:25:39","modified_gmt":"2025-07-10T01:25:39","slug":"servicios","status":"publish","type":"page","link":"https:\/\/www.fundaculta.com\/en\/servicios\/","title":{"rendered":"Services"},"content":{"rendered":"<div data-elementor-type=\"wp-page\" data-elementor-id=\"32630\" class=\"elementor elementor-32630\">\n\t\t\t\t\t\t<section class=\"elementor-section elementor-top-section elementor-element elementor-element-24064ae3 elementor-section-boxed elementor-section-height-default elementor-section-height-default\" data-id=\"24064ae3\" data-element_type=\"section\" data-e-type=\"section\" data-settings=\"{&quot;background_background&quot;:&quot;classic&quot;}\">\n\t\t\t\t\t\t\t<div class=\"elementor-background-overlay\"><\/div>\n\t\t\t\t\t\t\t<div class=\"elementor-container elementor-column-gap-default\">\n\t\t\t\t\t<div class=\"elementor-column elementor-col-100 elementor-top-column elementor-element elementor-element-52db7db3\" data-id=\"52db7db3\" data-element_type=\"column\" data-e-type=\"column\">\n\t\t\t<div class=\"elementor-widget-wrap elementor-element-populated\">\n\t\t\t\t\t\t<div class=\"elementor-element elementor-element-6696844a elementor-widget elementor-widget-heading\" data-id=\"6696844a\" data-element_type=\"widget\" data-e-type=\"widget\" data-widget_type=\"heading.default\">\n\t\t\t\t<div class=\"elementor-widget-container\">\n\t\t\t\t\t<h6 class=\"elementor-heading-title elementor-size-default\">Fundaculta<\/h6>\t\t\t\t<\/div>\n\t\t\t\t<\/div>\n\t\t\t\t<div class=\"elementor-element elementor-element-4c39492 elementor-widget elementor-widget-heading\" data-id=\"4c39492\" data-element_type=\"widget\" data-e-type=\"widget\" data-widget_type=\"heading.default\">\n\t\t\t\t<div class=\"elementor-widget-container\">\n\t\t\t\t\t<h2 class=\"elementor-heading-title elementor-size-default\">Our Services<\/h2>\t\t\t\t<\/div>\n\t\t\t\t<\/div>\n\t\t\t\t<section class=\"elementor-section elementor-inner-section elementor-element elementor-element-722e8da0 elementor-section-full_width elementor-section-content-middle elementor-section-height-default elementor-section-height-default\" data-id=\"722e8da0\" data-element_type=\"section\" data-e-type=\"section\">\n\t\t\t\t\t\t<div class=\"elementor-container elementor-column-gap-extended\">\n\t\t\t\t\t<div class=\"elementor-column elementor-col-100 elementor-inner-column elementor-element elementor-element-44ad204\" data-id=\"44ad204\" data-element_type=\"column\" data-e-type=\"column\">\n\t\t\t<div class=\"elementor-widget-wrap\">\n\t\t\t\t\t\t\t<\/div>\n\t\t<\/div>\n\t\t\t\t\t<\/div>\n\t\t<\/section>\n\t\t<div class=\"elementor-element elementor-element-04e4e66 e-con-full e-flex e-con e-parent\" data-id=\"04e4e66\" data-element_type=\"container\" data-e-type=\"container\">\n\t\t\t\t\t\t<div class=\"premium-shape-divider__shape-container\" id=\"premium-shape-divider-015432b\" style=\"visibility:hidden; position: absolute; opacity:0;\">\n\t\t\t\t\t<svg xmlns='http:\/\/www.w3.org\/2000\/svg' aria-hidden='true' viewbox='0 0 35.28 2.17' preserveaspectratio='none'><path d='M35.28 1.67c-3.07-.55-9.27.41-16.15 0-6.87-.4-13.74-.58-19.13.1v.4h35.28z' fill='%23fbd8c2'\/><path d='M35.28 1.16c-3.17-.8-7.3.4-10.04.56-2.76.17-9.25-1.47-12.68-1.3-3.42.16-4.64.84-7.04.86C3.12 1.31 0 .4 0 .4v1.77h35.28z' opacity='.5' fill='%23fbd8c2'\/><path d='M35.28.31c-2.57.84-7.68.3-11.8.43-4.1.12-6.85.61-9.57.28C11.18.69 8.3-.16 5.3.02 2.3.22.57.85 0 .87v1.2h35.28z' opacity='.5' fill='%23fbd8c2'\/><\/svg>\t\t\t\t<\/div>\n\t\t\t<div class=\"elementor-element elementor-element-015432b premium-shape-divider-yes premium-shape20 e-con-full e-flex premium-shape-divider__default premium-shape-divider-anime-yes premium-sh-no-stretch-yes e-con e-child\" data-id=\"015432b\" data-element_type=\"container\" data-e-type=\"container\" data-settings=\"{&quot;background_background&quot;:&quot;classic&quot;}\">\n\t\t\t\t<div class=\"elementor-element elementor-element-fb30a11 elementor-view-default elementor-widget elementor-widget-icon\" data-id=\"fb30a11\" data-element_type=\"widget\" data-e-type=\"widget\" data-widget_type=\"icon.default\">\n\t\t\t\t<div class=\"elementor-widget-container\">\n\t\t\t\t\t\t\t<div class=\"elementor-icon-wrapper\">\n\t\t\t<div class=\"elementor-icon\">\n\t\t\t<i aria-hidden=\"true\" class=\"icon icon-planet-earth\"><\/i>\t\t\t<\/div>\n\t\t<\/div>\n\t\t\t\t\t\t<\/div>\n\t\t\t\t<\/div>\n\t\t\t\t<div data-premium-element-link=\"{&quot;type&quot;:&quot;link&quot;,&quot;link&quot;:null,&quot;href&quot;:&quot;https:\\\/\\\/www.fundaculta.com\\\/turismo\\\/&quot;}\" style=\"cursor: pointer\" class=\"elementor-element elementor-element-351df0c premium-wrapper-link-yes elementor-widget elementor-widget-heading\" data-id=\"351df0c\" data-element_type=\"widget\" data-e-type=\"widget\" data-widget_type=\"heading.default\">\n\t\t\t\t<div class=\"elementor-widget-container\">\n\t\t\t\t\t<h4 class=\"elementor-heading-title elementor-size-default\">Tourism<\/h4>\t\t\t\t<\/div>\n\t\t\t\t<\/div>\n\t\t\t\t<div class=\"elementor-element elementor-element-67e1a14 elementor-widget elementor-widget-heading\" data-id=\"67e1a14\" data-element_type=\"widget\" data-e-type=\"widget\" data-widget_type=\"heading.default\">\n\t\t\t\t<div class=\"elementor-widget-container\">\n\t\t\t\t\t<h3 class=\"elementor-heading-title elementor-size-default\">Dise\u00f1o y gesti\u00f3n de destinos\u201d y \u201cMarketing y Comercializaci\u00f3n\".<\/h3>\t\t\t\t<\/div>\n\t\t\t\t<\/div>\n\t\t\t\t<div data-premium-element-link=\"{&quot;type&quot;:&quot;link&quot;,&quot;link&quot;:null,&quot;href&quot;:&quot;https:\\\/\\\/www.fundaculta.com\\\/turismo\\\/&quot;}\" style=\"cursor: pointer\" class=\"elementor-element elementor-element-69e5a87 premium-wrapper-link-yes elementor-widget elementor-widget-heading\" data-id=\"69e5a87\" data-element_type=\"widget\" data-e-type=\"widget\" data-widget_type=\"heading.default\">\n\t\t\t\t<div class=\"elementor-widget-container\">\n\t\t\t\t\t<p class=\"elementor-heading-title elementor-size-default\"><u>l<\/u><i><u>eer mas &gt;<\/u><\/i><\/p>\t\t\t\t<\/div>\n\t\t\t\t<\/div>\n\t\t\t\t<\/div>\n\t\t\t\t\t\t<div class=\"premium-shape-divider__shape-container\" id=\"premium-shape-divider-75d338f\" style=\"visibility:hidden; position: absolute; opacity:0;\">\n\t\t\t\t\t<svg xmlns='http:\/\/www.w3.org\/2000\/svg' aria-hidden='true' viewbox='0 0 35.28 2.17' preserveaspectratio='none'><path d='M35.28 1.67c-3.07-.55-9.27.41-16.15 0-6.87-.4-13.74-.58-19.13.1v.4h35.28z' fill='%23fbd8c2'\/><path d='M35.28 1.16c-3.17-.8-7.3.4-10.04.56-2.76.17-9.25-1.47-12.68-1.3-3.42.16-4.64.84-7.04.86C3.12 1.31 0 .4 0 .4v1.77h35.28z' opacity='.5' fill='%23fbd8c2'\/><path d='M35.28.31c-2.57.84-7.68.3-11.8.43-4.1.12-6.85.61-9.57.28C11.18.69 8.3-.16 5.3.02 2.3.22.57.85 0 .87v1.2h35.28z' opacity='.5' fill='%23fbd8c2'\/><\/svg>\t\t\t\t<\/div>\n\t\t\t<div class=\"elementor-element elementor-element-75d338f premium-shape-divider-yes premium-shape20 e-con-full e-flex premium-shape-divider__default premium-shape-divider-anime-yes premium-sh-no-stretch-yes e-con e-child\" data-id=\"75d338f\" data-element_type=\"container\" data-e-type=\"container\" data-settings=\"{&quot;background_background&quot;:&quot;classic&quot;}\">\n\t\t\t\t<div class=\"elementor-element elementor-element-01cc7e3 elementor-view-default elementor-widget elementor-widget-icon\" data-id=\"01cc7e3\" data-element_type=\"widget\" data-e-type=\"widget\" data-widget_type=\"icon.default\">\n\t\t\t\t<div class=\"elementor-widget-container\">\n\t\t\t\t\t\t\t<div class=\"elementor-icon-wrapper\">\n\t\t\t<div class=\"elementor-icon\">\n\t\t\t<svg aria-hidden=\"true\" class=\"e-font-icon-svg e-fas-theater-masks\" viewbox=\"0 0 640 512\" xmlns=\"http:\/\/www.w3.org\/2000\/svg\"><path d=\"M206.86 245.15c-35.88 10.45-59.95 41.2-57.53 74.1 11.4-12.72 28.81-23.7 49.9-30.92l7.63-43.18zM95.81 295L64.08 115.49c-.29-1.62.28-2.62.24-2.65 57.76-32.06 123.12-49.01 189.01-49.01 1.61 0 3.23.17 4.85.19 13.95-13.47 31.73-22.83 51.59-26 18.89-3.02 38.05-4.55 57.18-5.32-9.99-13.95-24.48-24.23-41.77-27C301.27 1.89 277.24 0 253.32 0 176.66 0 101.02 19.42 33.2 57.06 9.03 70.48-3.92 98.48 1.05 126.58l31.73 179.51c14.23 80.52 136.33 142.08 204.45 142.08 3.59 0 6.75-.46 10.01-.8-13.52-17.08-28.94-40.48-39.5-67.58-47.61-12.98-106.06-51.62-111.93-84.79zm97.55-137.46c-.73-4.12-2.23-7.87-4.07-11.4-8.25 8.91-20.67 15.75-35.32 18.32-14.65 2.58-28.67.4-39.48-5.17-.52 3.94-.64 7.98.09 12.1 3.84 21.7 24.58 36.19 46.34 32.37 21.75-3.82 36.28-24.52 32.44-46.22zM606.8 120.9c-88.98-49.38-191.43-67.41-291.98-51.35-27.31 4.36-49.08 26.26-54.04 54.36l-31.73 179.51c-15.39 87.05 95.28 196.27 158.31 207.35 63.03 11.09 204.47-53.79 219.86-140.84l31.73-179.51c4.97-28.11-7.98-56.11-32.15-69.52zm-273.24 96.8c3.84-21.7 24.58-36.19 46.34-32.36 21.76 3.83 36.28 24.52 32.45 46.22-.73 4.12-2.23 7.87-4.07 11.4-8.25-8.91-20.67-15.75-35.32-18.32-14.65-2.58-28.67-.4-39.48 5.17-.53-3.95-.65-7.99.08-12.11zm70.47 198.76c-55.68-9.79-93.52-59.27-89.04-112.9 20.6 25.54 56.21 46.17 99.49 53.78 43.28 7.61 83.82.37 111.93-16.6-14.18 51.94-66.71 85.51-122.38 75.72zm130.3-151.34c-8.25-8.91-20.68-15.75-35.33-18.32-14.65-2.58-28.67-.4-39.48 5.17-.52-3.94-.64-7.98.09-12.1 3.84-21.7 24.58-36.19 46.34-32.37 21.75 3.83 36.28 24.52 32.45 46.22-.73 4.13-2.23 7.88-4.07 11.4z\"><\/path><\/svg>\t\t\t<\/div>\n\t\t<\/div>\n\t\t\t\t\t\t<\/div>\n\t\t\t\t<\/div>\n\t\t\t\t<div data-premium-element-link=\"{&quot;type&quot;:&quot;link&quot;,&quot;link&quot;:null,&quot;href&quot;:&quot;https:\\\/\\\/www.fundaculta.com\\\/turismo\\\/&quot;}\" style=\"cursor: pointer\" class=\"elementor-element elementor-element-22dd8b2 premium-wrapper-link-yes elementor-widget elementor-widget-heading\" data-id=\"22dd8b2\" data-element_type=\"widget\" data-e-type=\"widget\" data-widget_type=\"heading.default\">\n\t\t\t\t<div class=\"elementor-widget-container\">\n\t\t\t\t\t<h4 class=\"elementor-heading-title elementor-size-default\">Culture<\/h4>\t\t\t\t<\/div>\n\t\t\t\t<\/div>\n\t\t\t\t<div class=\"elementor-element elementor-element-caaab0b elementor-widget elementor-widget-heading\" data-id=\"caaab0b\" data-element_type=\"widget\" data-e-type=\"widget\" data-widget_type=\"heading.default\">\n\t\t\t\t<div class=\"elementor-widget-container\">\n\t\t\t\t\t<h3 class=\"elementor-heading-title elementor-size-default\"><strong data-start=\"53\" data-end=\"88\">\"Gesti\u00f3n p\u00fablica de la cultura\"<\/strong> y <strong data-start=\"91\" data-end=\"117\">\"Proyectos culturales\".<\/strong><\/h3>\t\t\t\t<\/div>\n\t\t\t\t<\/div>\n\t\t\t\t<div data-premium-element-link=\"{&quot;type&quot;:&quot;link&quot;,&quot;link&quot;:null,&quot;href&quot;:&quot;https:\\\/\\\/www.fundaculta.com\\\/cultura-2\\\/&quot;}\" style=\"cursor: pointer\" class=\"elementor-element elementor-element-4085a15 premium-wrapper-link-yes elementor-widget elementor-widget-heading\" data-id=\"4085a15\" data-element_type=\"widget\" data-e-type=\"widget\" data-widget_type=\"heading.default\">\n\t\t\t\t<div class=\"elementor-widget-container\">\n\t\t\t\t\t<p class=\"elementor-heading-title elementor-size-default\"><u>l<\/u><i><u>eer mas &gt;<\/u><\/i><\/p>\t\t\t\t<\/div>\n\t\t\t\t<\/div>\n\t\t\t\t<\/div>\n\t\t\t\t\t\t<div class=\"premium-shape-divider__shape-container\" id=\"premium-shape-divider-e73590d\" style=\"visibility:hidden; position: absolute; opacity:0;\">\n\t\t\t\t\t<svg xmlns='http:\/\/www.w3.org\/2000\/svg' aria-hidden='true' viewbox='0 0 35.28 2.17' preserveaspectratio='none'><path d='M35.28 1.67c-3.07-.55-9.27.41-16.15 0-6.87-.4-13.74-.58-19.13.1v.4h35.28z' fill='%23fbd8c2'\/><path d='M35.28 1.16c-3.17-.8-7.3.4-10.04.56-2.76.17-9.25-1.47-12.68-1.3-3.42.16-4.64.84-7.04.86C3.12 1.31 0 .4 0 .4v1.77h35.28z' opacity='.5' fill='%23fbd8c2'\/><path d='M35.28.31c-2.57.84-7.68.3-11.8.43-4.1.12-6.85.61-9.57.28C11.18.69 8.3-.16 5.3.02 2.3.22.57.85 0 .87v1.2h35.28z' opacity='.5' fill='%23fbd8c2'\/><\/svg>\t\t\t\t<\/div>\n\t\t\t<div class=\"elementor-element elementor-element-e73590d premium-shape-divider-yes premium-shape20 e-con-full e-flex premium-shape-divider__default premium-shape-divider-anime-yes premium-sh-no-stretch-yes e-con e-child\" data-id=\"e73590d\" data-element_type=\"container\" data-e-type=\"container\" data-settings=\"{&quot;background_background&quot;:&quot;classic&quot;}\">\n\t\t\t\t<div class=\"elementor-element elementor-element-a465200 elementor-view-default elementor-widget elementor-widget-icon\" data-id=\"a465200\" data-element_type=\"widget\" data-e-type=\"widget\" data-widget_type=\"icon.default\">\n\t\t\t\t<div class=\"elementor-widget-container\">\n\t\t\t\t\t\t\t<div class=\"elementor-icon-wrapper\">\n\t\t\t<div class=\"elementor-icon\">\n\t\t\t<svg aria-hidden=\"true\" class=\"e-font-icon-svg e-fas-university\" viewbox=\"0 0 512 512\" xmlns=\"http:\/\/www.w3.org\/2000\/svg\"><path d=\"M496 128v16a8 8 0 0 1-8 8h-24v12c0 6.627-5.373 12-12 12H60c-6.627 0-12-5.373-12-12v-12H24a8 8 0 0 1-8-8v-16a8 8 0 0 1 4.941-7.392l232-88a7.996 7.996 0 0 1 6.118 0l232 88A8 8 0 0 1 496 128zm-24 304H40c-13.255 0-24 10.745-24 24v16a8 8 0 0 0 8 8h464a8 8 0 0 0 8-8v-16c0-13.255-10.745-24-24-24zM96 192v192H60c-6.627 0-12 5.373-12 12v20h416v-20c0-6.627-5.373-12-12-12h-36V192h-64v192h-64V192h-64v192h-64V192H96z\"><\/path><\/svg>\t\t\t<\/div>\n\t\t<\/div>\n\t\t\t\t\t\t<\/div>\n\t\t\t\t<\/div>\n\t\t\t\t<div data-premium-element-link=\"{&quot;type&quot;:&quot;link&quot;,&quot;link&quot;:null,&quot;href&quot;:&quot;https:\\\/\\\/www.fundaculta.com\\\/turismo\\\/&quot;}\" style=\"cursor: pointer\" class=\"elementor-element elementor-element-8a4b50e premium-wrapper-link-yes elementor-widget elementor-widget-heading\" data-id=\"8a4b50e\" data-element_type=\"widget\" data-e-type=\"widget\" data-widget_type=\"heading.default\">\n\t\t\t\t<div class=\"elementor-widget-container\">\n\t\t\t\t\t<h4 class=\"elementor-heading-title elementor-size-default\">Heritage<\/h4>\t\t\t\t<\/div>\n\t\t\t\t<\/div>\n\t\t\t\t<div class=\"elementor-element elementor-element-53812b0 elementor-widget elementor-widget-heading\" data-id=\"53812b0\" data-element_type=\"widget\" data-e-type=\"widget\" data-widget_type=\"heading.default\">\n\t\t\t\t<div class=\"elementor-widget-container\">\n\t\t\t\t\t<h3 class=\"elementor-heading-title elementor-size-default\">Gesti\u00f3n del Patrimonio Cultural y Natural.<\/h3>\t\t\t\t<\/div>\n\t\t\t\t<\/div>\n\t\t\t\t<div data-premium-element-link=\"{&quot;type&quot;:&quot;link&quot;,&quot;link&quot;:null,&quot;href&quot;:&quot;https:\\\/\\\/www.fundaculta.com\\\/patrimonio\\\/&quot;}\" style=\"cursor: pointer\" class=\"elementor-element elementor-element-32f3a9d premium-wrapper-link-yes elementor-widget elementor-widget-heading\" data-id=\"32f3a9d\" data-element_type=\"widget\" data-e-type=\"widget\" data-widget_type=\"heading.default\">\n\t\t\t\t<div class=\"elementor-widget-container\">\n\t\t\t\t\t<p class=\"elementor-heading-title elementor-size-default\"><u>l<\/u><i><u>eer mas &gt;<\/u><\/i><\/p>\t\t\t\t<\/div>\n\t\t\t\t<\/div>\n\t\t\t\t<\/div>\n\t\t\t\t<\/div>\n\t\t\t\t\t<\/div>\n\t\t<\/div>\n\t\t\t\t\t<\/div>\n\t\t<\/section>\n\t\t\t\t<\/div>","protected":false},"excerpt":{"rendered":"<p>Fundaculta Nuestros Servicios Turismo Dise\u00f1o y gesti\u00f3n de destinos\u201d y \u201cMarketing y Comercializaci\u00f3n&#8221;. leer mas &gt; Cultura &#8220;Gesti\u00f3n p\u00fablica de la cultura&#8221; y &#8220;Proyectos culturales&#8221;. leer mas &gt; Patrimonio Gesti\u00f3n del Patrimonio Cultural y Natural. leer mas &gt;<\/p>","protected":false},"author":7,"featured_media":0,"parent":0,"menu_order":0,"comment_status":"closed","ping_status":"closed","template":"elementor_header_footer","meta":{"postBodyCss":"","postBodyMargin":[],"postBodyPadding":[],"postBodyBackground":{"backgroundType":"classic","gradient":""},"footnotes":""},"class_list":["post-32630","page","type-page","status-publish","hentry","entry"],"_links":{"self":[{"href":"https:\/\/www.fundaculta.com\/en\/wp-json\/wp\/v2\/pages\/32630","targetHints":{"allow":["GET"]}}],"collection":[{"href":"https:\/\/www.fundaculta.com\/en\/wp-json\/wp\/v2\/pages"}],"about":[{"href":"https:\/\/www.fundaculta.com\/en\/wp-json\/wp\/v2\/types\/page"}],"author":[{"embeddable":true,"href":"https:\/\/www.fundaculta.com\/en\/wp-json\/wp\/v2\/users\/7"}],"replies":[{"embeddable":true,"href":"https:\/\/www.fundaculta.com\/en\/wp-json\/wp\/v2\/comments?post=32630"}],"version-history":[{"count":7,"href":"https:\/\/www.fundaculta.com\/en\/wp-json\/wp\/v2\/pages\/32630\/revisions"}],"predecessor-version":[{"id":32654,"href":"https:\/\/www.fundaculta.com\/en\/wp-json\/wp\/v2\/pages\/32630\/revisions\/32654"}],"wp:attachment":[{"href":"https:\/\/www.fundaculta.com\/en\/wp-json\/wp\/v2\/media?parent=32630"}],"curies":[{"name":"wp","href":"https:\/\/api.w.org\/{rel}","templated":true}]}}