{"id":32859,"date":"2025-08-04T05:53:24","date_gmt":"2025-08-04T05:53:24","guid":{"rendered":"https:\/\/www.fundaculta.com\/?page_id=32859"},"modified":"2025-08-04T06:25:39","modified_gmt":"2025-08-04T06:25:39","slug":"san-vicente-de-chucuri-item5","status":"publish","type":"page","link":"https:\/\/www.fundaculta.com\/en\/san-vicente-de-chucuri-item5\/","title":{"rendered":"San Vicente de Chucur\u00ed item5"},"content":{"rendered":"\t\t<div data-elementor-type=\"wp-page\" data-elementor-id=\"32859\" class=\"elementor elementor-32859\">\n\t\t\t\t<div class=\"elementor-element elementor-element-7697161 e-flex e-con-boxed e-con e-parent\" data-id=\"7697161\" data-element_type=\"container\" data-e-type=\"container\" data-settings=\"{&quot;background_background&quot;:&quot;slideshow&quot;,&quot;background_slideshow_gallery&quot;:[{&quot;id&quot;:32901,&quot;url&quot;:&quot;https:\\\/\\\/www.fundaculta.com\\\/wp-content\\\/uploads\\\/2025\\\/08\\\/don-jacobo.jpeg&quot;}],&quot;background_slideshow_loop&quot;:&quot;yes&quot;,&quot;background_slideshow_slide_duration&quot;:5000,&quot;background_slideshow_slide_transition&quot;:&quot;fade&quot;,&quot;background_slideshow_transition_duration&quot;:500}\">\n\t\t\t\t\t<div class=\"e-con-inner\">\n\t\t<div class=\"elementor-element elementor-element-65891b5 e-grid e-con-full e-con e-child\" data-id=\"65891b5\" data-element_type=\"container\" data-e-type=\"container\">\n\t\t\t\t<\/div>\n\t\t\t\t\t<\/div>\n\t\t\t\t<\/div>\n\t\t<div class=\"elementor-element elementor-element-eb8e56e e-flex e-con-boxed e-con e-parent\" data-id=\"eb8e56e\" data-element_type=\"container\" data-e-type=\"container\">\n\t\t\t\t\t<div class=\"e-con-inner\">\n\t\t\t\t\t<\/div>\n\t\t\t\t<\/div>\n\t\t<div class=\"elementor-element elementor-element-ab80688 e-flex e-con-boxed e-con e-parent\" data-id=\"ab80688\" data-element_type=\"container\" data-e-type=\"container\">\n\t\t\t\t\t<div class=\"e-con-inner\">\n\t\t<div class=\"elementor-element elementor-element-8104738 e-grid e-con-full e-con e-child\" data-id=\"8104738\" data-element_type=\"container\" data-e-type=\"container\">\n\t\t\t\t<div class=\"elementor-element elementor-element-0ecaaa7 elementor-widget elementor-widget-google_maps\" data-id=\"0ecaaa7\" data-element_type=\"widget\" data-e-type=\"widget\" data-widget_type=\"google_maps.default\">\n\t\t\t\t<div class=\"elementor-widget-container\">\n\t\t\t\t\t\t\t<div class=\"elementor-custom-embed\">\n\t\t\t<iframe loading=\"lazy\"\n\t\t\t\t\tsrc=\"https:\/\/maps.google.com\/maps?q=Restaurante%20Don%20Joaco&#038;t=m&#038;z=15&#038;output=embed&#038;iwloc=near\"\n\t\t\t\t\ttitle=\"Restaurante Don Joaco\"\n\t\t\t\t\taria-label=\"Restaurante Don Joaco\"\n\t\t\t><\/iframe>\n\t\t<\/div>\n\t\t\t\t\t\t<\/div>\n\t\t\t\t<\/div>\n\t\t<div class=\"elementor-element elementor-element-0481412 e-con-full e-flex e-con e-child\" data-id=\"0481412\" data-element_type=\"container\" data-e-type=\"container\" data-settings=\"{&quot;background_background&quot;:&quot;slideshow&quot;,&quot;background_slideshow_gallery&quot;:[{&quot;id&quot;:32973,&quot;url&quot;:&quot;https:\\\/\\\/www.fundaculta.com\\\/wp-content\\\/uploads\\\/2025\\\/08\\\/don-jiaco.jpg&quot;}],&quot;background_slideshow_loop&quot;:&quot;yes&quot;,&quot;background_slideshow_slide_duration&quot;:5000,&quot;background_slideshow_slide_transition&quot;:&quot;fade&quot;,&quot;background_slideshow_transition_duration&quot;:500}\">\n\t\t<div class=\"elementor-element elementor-element-aba0eb7 e-grid e-con-full e-con e-child\" data-id=\"aba0eb7\" data-element_type=\"container\" data-e-type=\"container\" data-settings=\"{&quot;background_background&quot;:&quot;gradient&quot;}\">\n\t\t\t\t<div class=\"elementor-element elementor-element-5f2dd91 elementor-widget elementor-widget-heading\" data-id=\"5f2dd91\" data-element_type=\"widget\" data-e-type=\"widget\" data-widget_type=\"heading.default\">\n\t\t\t\t<div class=\"elementor-widget-container\">\n\t\t\t\t\t<h4 class=\"elementor-heading-title elementor-size-default\">Don Joaco<\/h4>\t\t\t\t<\/div>\n\t\t\t\t<\/div>\n\t\t\t\t<div class=\"elementor-element elementor-element-6ee3730 elementor-widget elementor-widget-heading\" data-id=\"6ee3730\" data-element_type=\"widget\" data-e-type=\"widget\" data-widget_type=\"heading.default\">\n\t\t\t\t<div class=\"elementor-widget-container\">\n\t\t\t\t\t<h4 class=\"elementor-heading-title elementor-size-default\">Calle 10 #10-56 parque principal<\/h4>\t\t\t\t<\/div>\n\t\t\t\t<\/div>\n\t\t\t\t<div class=\"elementor-element elementor-element-4d09b55 elementor-absolute elementor-widget elementor-widget-heading\" data-id=\"4d09b55\" data-element_type=\"widget\" data-e-type=\"widget\" data-settings=\"{&quot;_position&quot;:&quot;absolute&quot;}\" data-widget_type=\"heading.default\">\n\t\t\t\t<div class=\"elementor-widget-container\">\n\t\t\t\t\t<h4 class=\"elementor-heading-title elementor-size-default\">En Meriendas Don Joaco somos mucho m\u00e1s que una simple panader\u00eda. Aqu\u00ed encontrar\u00e1s una deliciosa combinaci\u00f3n de reposter\u00eda, restaurante y panader\u00eda artesanal en un solo lugar. Ofrecemos tortas, postres, panes frescos, pollo asado, cortes de carne, cazuelas de mariscos, bandejas de mar y mucho m\u00e1s. Una experiencia completa de sabor, atenci\u00f3n c\u00e1lida y variedad para todos los gustos. \u00a1Te esperamos en San Vicente!<\/h4>\t\t\t\t<\/div>\n\t\t\t\t<\/div>\n\t\t\t\t<\/div>\n\t\t\t\t<\/div>\n\t\t\t\t<\/div>\n\t\t\t\t\t<\/div>\n\t\t\t\t<\/div>\n\t\t\t\t<section class=\"elementor-section elementor-top-section elementor-element elementor-element-a190aed elementor-section-full_width elementor-section-height-default elementor-section-height-default\" data-id=\"a190aed\" data-element_type=\"section\" data-e-type=\"section\" data-settings=\"{&quot;background_background&quot;:&quot;classic&quot;}\">\n\t\t\t\t\t\t\t<div class=\"elementor-background-overlay\"><\/div>\n\t\t\t\t\t\t\t<div class=\"elementor-container elementor-column-gap-default\">\n\t\t\t\t\t<div class=\"elementor-column elementor-col-100 elementor-top-column elementor-element elementor-element-008915d\" data-id=\"008915d\" data-element_type=\"column\" data-e-type=\"column\" data-settings=\"{&quot;background_background&quot;:&quot;gradient&quot;}\">\n\t\t\t<div class=\"elementor-widget-wrap elementor-element-populated\">\n\t\t\t\t\t<div class=\"elementor-background-overlay\"><\/div>\n\t\t\t\t\t\t\t<\/div>\n\t\t<\/div>\n\t\t\t\t\t<\/div>\n\t\t<\/section>\n\t\t\t\t<\/div>\n\t\t","protected":false},"excerpt":{"rendered":"<p>Don Joaco Calle 10 #10-56 parque principal En Meriendas Don Joaco somos mucho m\u00e1s que una simple panader\u00eda. Aqu\u00ed encontrar\u00e1s una deliciosa combinaci\u00f3n de reposter\u00eda, restaurante y panader\u00eda artesanal en un solo lugar. Ofrecemos tortas, postres, panes frescos, pollo asado, cortes de carne, cazuelas de mariscos, bandejas de mar y mucho m\u00e1s. Una experiencia completa&hellip; <a class=\"more-link\" href=\"https:\/\/www.fundaculta.com\/en\/san-vicente-de-chucuri-item5\/\">Continue reading <span class=\"screen-reader-text\">San Vicente de Chucur\u00ed item5<\/span><\/a><\/p>","protected":false},"author":7,"featured_media":0,"parent":0,"menu_order":0,"comment_status":"closed","ping_status":"closed","template":"elementor_header_footer","meta":{"postBodyCss":"","postBodyMargin":[],"postBodyPadding":[],"postBodyBackground":{"backgroundType":"classic","gradient":""},"footnotes":""},"class_list":["post-32859","page","type-page","status-publish","hentry","entry"],"_links":{"self":[{"href":"https:\/\/www.fundaculta.com\/en\/wp-json\/wp\/v2\/pages\/32859","targetHints":{"allow":["GET"]}}],"collection":[{"href":"https:\/\/www.fundaculta.com\/en\/wp-json\/wp\/v2\/pages"}],"about":[{"href":"https:\/\/www.fundaculta.com\/en\/wp-json\/wp\/v2\/types\/page"}],"author":[{"embeddable":true,"href":"https:\/\/www.fundaculta.com\/en\/wp-json\/wp\/v2\/users\/7"}],"replies":[{"embeddable":true,"href":"https:\/\/www.fundaculta.com\/en\/wp-json\/wp\/v2\/comments?post=32859"}],"version-history":[{"count":17,"href":"https:\/\/www.fundaculta.com\/en\/wp-json\/wp\/v2\/pages\/32859\/revisions"}],"predecessor-version":[{"id":32976,"href":"https:\/\/www.fundaculta.com\/en\/wp-json\/wp\/v2\/pages\/32859\/revisions\/32976"}],"wp:attachment":[{"href":"https:\/\/www.fundaculta.com\/en\/wp-json\/wp\/v2\/media?parent=32859"}],"curies":[{"name":"wp","href":"https:\/\/api.w.org\/{rel}","templated":true}]}}